{"id":3433,"date":"2025-11-18T20:32:59","date_gmt":"2025-11-19T00:32:59","guid":{"rendered":"https:\/\/kenoubeautyclub.fr\/?page_id=3433"},"modified":"2025-11-30T21:06:19","modified_gmt":"2025-12-01T01:06:19","slug":"maquillage-intensive","status":"publish","type":"page","link":"https:\/\/kenoubeautyclub.fr\/?page_id=3433","title":{"rendered":"Maquillage Intensive"},"content":{"rendered":"\t\t<div data-elementor-type=\"wp-page\" data-elementor-id=\"3433\" class=\"elementor elementor-3433\" data-elementor-post-type=\"page\">\n\t\t\t\t\t\t<section class=\"elementor-section elementor-top-section elementor-element elementor-element-5e340d07 elementor-section-height-min-height elementor-section-content-middle elementor-section-boxed elementor-section-height-default elementor-section-items-middle\" data-id=\"5e340d07\" data-element_type=\"section\" data-e-type=\"section\" data-settings=\"{&quot;background_background&quot;:&quot;classic&quot;}\">\n\t\t\t\t\t\t\t<div class=\"elementor-background-overlay\"><\/div>\n\t\t\t\t\t\t\t<div class=\"elementor-container elementor-column-gap-default\">\n\t\t\t\t\t<div class=\"elementor-column elementor-col-100 elementor-top-column elementor-element elementor-element-7c2b7aa1\" data-id=\"7c2b7aa1\" data-element_type=\"column\" data-e-type=\"column\">\n\t\t\t<div class=\"elementor-widget-wrap elementor-element-populated\">\n\t\t\t\t\t\t\t<\/div>\n\t\t<\/div>\n\t\t\t\t\t<\/div>\n\t\t<\/section>\n\t\t\t\t<section class=\"elementor-section elementor-top-section elementor-element elementor-element-33690c49 elementor-section-boxed elementor-section-height-default elementor-section-height-default\" data-id=\"33690c49\" data-element_type=\"section\" data-e-type=\"section\">\n\t\t\t\t\t\t<div class=\"elementor-container elementor-column-gap-default\">\n\t\t\t\t\t<div class=\"elementor-column elementor-col-50 elementor-top-column elementor-element elementor-element-322fa007\" data-id=\"322fa007\" data-element_type=\"column\" data-e-type=\"column\">\n\t\t\t<div class=\"elementor-widget-wrap elementor-element-populated\">\n\t\t\t\t\t\t<div class=\"elementor-element elementor-element-3ec4de4 elementor-widget elementor-widget-heading\" data-id=\"3ec4de4\" data-element_type=\"widget\" data-e-type=\"widget\" data-widget_type=\"heading.default\">\n\t\t\t\t<div class=\"elementor-widget-container\">\n\t\t\t\t\t<h3 class=\"elementor-heading-title elementor-size-default\">Ce que vous apprendrez : \u00a0<\/h3>\t\t\t\t<\/div>\n\t\t\t\t<\/div>\n\t\t\t\t<div class=\"elementor-element elementor-element-48113e6 elementor-widget elementor-widget-n-accordion\" data-id=\"48113e6\" data-element_type=\"widget\" data-e-type=\"widget\" data-settings=\"{&quot;default_state&quot;:&quot;expanded&quot;,&quot;max_items_expended&quot;:&quot;one&quot;,&quot;n_accordion_animation_duration&quot;:{&quot;unit&quot;:&quot;ms&quot;,&quot;size&quot;:400,&quot;sizes&quot;:[]}}\" data-widget_type=\"nested-accordion.default\">\n\t\t\t\t<div class=\"elementor-widget-container\">\n\t\t\t\t\t\t\t<div class=\"e-n-accordion\" aria-label=\"Accordion. Open links with Enter or Space, close with Escape, and navigate with Arrow Keys\">\n\t\t\t\t\t\t<details id=\"e-n-accordion-item-7550\" class=\"e-n-accordion-item\" open>\n\t\t\t\t<summary class=\"e-n-accordion-item-title\" data-accordion-index=\"1\" tabindex=\"0\" aria-expanded=\"true\" aria-controls=\"e-n-accordion-item-7550\" >\n\t\t\t\t\t<span class='e-n-accordion-item-title-header'><div class=\"e-n-accordion-item-title-text\"> JOUR 1 \u2013 MA\u00ceTRISER LES BASES DU MAQUILLAGE PROFESSIONNEL <\/div><\/span>\n\t\t\t\t\t\t\t<span class='e-n-accordion-item-title-icon'>\n\t\t\t<span class='e-opened' ><i aria-hidden=\"true\" class=\"fas fa-minus\"><\/i><\/span>\n\t\t\t<span class='e-closed'><i aria-hidden=\"true\" class=\"fas fa-plus\"><\/i><\/span>\n\t\t<\/span>\n\n\t\t\t\t\t\t<\/summary>\n\t\t\t\t<div role=\"region\" aria-labelledby=\"e-n-accordion-item-7550\" class=\"elementor-element elementor-element-59c0038 e-con-full e-flex e-con e-child\" data-id=\"59c0038\" data-element_type=\"container\" data-e-type=\"container\">\n\t\t\t\t<div class=\"elementor-element elementor-element-ff0627f elementor-widget elementor-widget-text-editor\" data-id=\"ff0627f\" data-element_type=\"widget\" data-e-type=\"widget\" data-widget_type=\"text-editor.default\">\n\t\t\t\t<div class=\"elementor-widget-container\">\n\t\t\t\t\t\t\t\t\t<p><strong>09h00 &#8211; 09h30 : Accueil &amp; Pr\u00e9sentation<\/strong><br \/>&#8211; Pr\u00e9sentation du programme, de la formatrice et des participantes<br \/>&#8211; Objectifs de la formation<br \/>&#8211; Distribution du livret de formation<\/p><p><strong>09h30 &#8211; 11h00 : Th\u00e9orie &amp; Pr\u00e9paration de la Peau<br \/><\/strong>&#8211; Les diff\u00e9rents types de peaux (s\u00e8che, grasse, mixte, mature)<br \/>&#8211; Les sous-tons et la colorim\u00e9trie appliqu\u00e9e au maquillage<br \/>&#8211; Choix des bons produits pour chaque type de peau<br \/>&#8211; Pr\u00e9paration de la peau : nettoyage, tonique, hydratation, primer<br \/>&#8211; Notions d\u2019hygi\u00e8ne et d\u00e9sinfection du mat\u00e9riel<\/p><p><strong>11h00 \u2013 12h30 : Le Teint &#8211; \u00a0Bases Techniques<\/strong><br \/>&#8211; Choisir et appliquer le fond de teint selon la carnation et le type de peau<br \/>&#8211; Utilisation des correcteurs et anticernes (neutraliser, corriger, illuminer)<br \/>&#8211; Bases du contouring (cr\u00e8me\/poudre) &amp; highlighter selon la morphologie<br \/>&#8211; Application de la poudre libre et compacte : fixation &amp; matit\u00e9<\/p><p><strong>12h30 \u2013 13h30 : Pause d\u00e9jeuner<\/strong><\/p><p><strong>13h30 \u2013 15h00 : Travail des sourcils<br \/><\/strong>&#8211; Morphologie du sourcil et \u00e9tude du visage<br \/>&#8211; Restructuration : dessin, remplissage, choix de la teinte<br \/>&#8211; Erreurs \u00e0 \u00e9viter \/ techniques naturelles et plus d\u00e9finies<\/p><p><strong>15h00 \u2013 17h00 : Maquillage des yeux \u2013 Techniques classiques<br \/><\/strong>&#8211; Application des bases et transitions<br \/>&#8211; D\u00e9grad\u00e9 simple avec 2 \u00e0 3 couleurs<br \/>&#8211; Pose d\u2019un fard iris\u00e9 \/ halo light<br \/>&#8211; Initiation au liner (crayon, gel, feutre)<br \/>&#8211; Pose de faux-cils (en frange ou individuels) \u00a0<br \/>\u00a0 \u00a0 \u00a0<br \/><strong>Exercice pratique complet sur mod\u00e8le ou bin\u00f4me<\/strong><\/p>\t\t\t\t\t\t\t\t<\/div>\n\t\t\t\t<\/div>\n\t\t\t\t<\/div>\n\t\t\t\t\t<\/details>\n\t\t\t\t\t\t<details id=\"e-n-accordion-item-7551\" class=\"e-n-accordion-item\" >\n\t\t\t\t<summary class=\"e-n-accordion-item-title\" data-accordion-index=\"2\" tabindex=\"-1\" aria-expanded=\"false\" aria-controls=\"e-n-accordion-item-7551\" >\n\t\t\t\t\t<span class='e-n-accordion-item-title-header'><div class=\"e-n-accordion-item-title-text\"> JOUR 2 \u2013 TECHNIQUES AVANC\u00c9ES &amp; MAQUILLAGE EXPERT (OPTIONNEL) <\/div><\/span>\n\t\t\t\t\t\t\t<span class='e-n-accordion-item-title-icon'>\n\t\t\t<span class='e-opened' ><i aria-hidden=\"true\" class=\"fas fa-minus\"><\/i><\/span>\n\t\t\t<span class='e-closed'><i aria-hidden=\"true\" class=\"fas fa-plus\"><\/i><\/span>\n\t\t<\/span>\n\n\t\t\t\t\t\t<\/summary>\n\t\t\t\t<div role=\"region\" aria-labelledby=\"e-n-accordion-item-7551\" class=\"elementor-element elementor-element-4675bfb e-con-full e-flex e-con e-child\" data-id=\"4675bfb\" data-element_type=\"container\" data-e-type=\"container\">\n\t\t\t\t<div class=\"elementor-element elementor-element-5010fb0 elementor-widget elementor-widget-text-editor\" data-id=\"5010fb0\" data-element_type=\"widget\" data-e-type=\"widget\" data-widget_type=\"text-editor.default\">\n\t\t\t\t<div class=\"elementor-widget-container\">\n\t\t\t\t\t\t\t\t\t<p><strong>09h00 &#8211; 10h30 : Perfectionnement du teint &amp; camouflage<br \/><\/strong>&#8211; Peaux \u00e0 imperfections \/ matures \/ claires \/ fonc\u00e9es<br \/>&#8211; Astuces glow ou mat<br \/>&#8211; Camouflage avanc\u00e9 : t\u00e2ches, cernes creux, cicatrices<br \/>&#8211; Astuces anti-effet masque, tenue longue dur\u00e9e<\/p><p><strong>10h30 &#8211; 12h30 : Yeux niveau 2 &#8211; Techniques approfondies<br \/><\/strong>&#8211; Cut crease net et diffus\u00e9<br \/>&#8211; Smokey eyes charbonneux<br \/>&#8211; D\u00e9grad\u00e9 color\u00e9 \/ nacr\u00e9<br \/>&#8211; Techniques de superposition de textures : pigments, glitters<br \/>&#8211; Techniques de liner double ou artistique<\/p><p><strong>12h30 &#8211; 13h30 : Pause d\u00e9jeuner<\/strong><\/p><p><strong>13h30 &#8211; 15h00 : L\u00e8vres &amp; finitions<br \/><\/strong>&#8211; Choix du rouge \u00e0 l\u00e8vres selon la morphologie des l\u00e8vres<br \/>&#8211; Techniques d\u2019ombres pour l\u00e8vres plus pulpeuses<br \/>&#8211; D\u00e9grad\u00e9, l\u00e8vres ombr\u00e9es, nude parfait, mat intense<br \/>&#8211; Fixation et retouches express<\/p><p><strong>15h00 &#8211; 16h30 : R\u00e9alisation d\u2019un maquillage complet (examen pratique)<br \/><\/strong>&#8211; Reproduction d\u2019un maquillage pro sur mod\u00e8le ou bin\u00f4me<br \/>&#8211; Crit\u00e8res : hygi\u00e8ne, technique, esth\u00e9tisme, harmonie, tenue<br \/>&#8211; Pr\u00e9sentation de son maquillage final pour \u00e9valuation<\/p><p><strong>16h30 &#8211; 17h00 : D\u00e9briefing &amp; Remise des attestations<br \/><\/strong>&#8211; Retour individualis\u00e9 sur les acquis<br \/>&#8211; Conseils pour continuer \u00e0 s\u2019exercer chez soi<br \/>&#8211; Photos finales (si souhait\u00e9 pour portfolio)<br \/>&#8211; Distribution des attestations de participation<\/p><p><strong>Toute inscription \u00e0 la formation est ferme et d\u00e9finitive. Conform\u00e9ment \u00e0 nos conditions g\u00e9n\u00e9rales, les sommes vers\u00e9es ne sont pas remboursables.\u201d<\/strong><\/p>\t\t\t\t\t\t\t\t<\/div>\n\t\t\t\t<\/div>\n\t\t\t\t<\/div>\n\t\t\t\t\t<\/details>\n\t\t\t\t\t<\/div>\n\t\t\t\t\t\t<\/div>\n\t\t\t\t<\/div>\n\t\t\t\t\t<\/div>\n\t\t<\/div>\n\t\t\t\t<div class=\"elementor-column elementor-col-50 elementor-top-column elementor-element elementor-element-43b35ccb\" data-id=\"43b35ccb\" data-element_type=\"column\" data-e-type=\"column\" data-settings=\"{&quot;background_background&quot;:&quot;classic&quot;}\">\n\t\t\t<div class=\"elementor-widget-wrap elementor-element-populated\">\n\t\t\t\t\t\t<div class=\"elementor-element elementor-element-784ad96 elementor-widget elementor-widget-heading\" data-id=\"784ad96\" data-element_type=\"widget\" data-e-type=\"widget\" data-widget_type=\"heading.default\">\n\t\t\t\t<div class=\"elementor-widget-container\">\n\t\t\t\t\t<h3 class=\"elementor-heading-title elementor-size-default\">Tarif : 1100\u20ac<\/h3>\t\t\t\t<\/div>\n\t\t\t\t<\/div>\n\t\t\t\t<div class=\"elementor-element elementor-element-c1b8e16 elementor-widget elementor-widget-heading\" data-id=\"c1b8e16\" data-element_type=\"widget\" data-e-type=\"widget\" data-widget_type=\"heading.default\">\n\t\t\t\t<div class=\"elementor-widget-container\">\n\t\t\t\t\t<h3 class=\"elementor-heading-title elementor-size-default\">Formatrice<\/h3>\t\t\t\t<\/div>\n\t\t\t\t<\/div>\n\t\t\t\t<section class=\"elementor-section elementor-inner-section elementor-element elementor-element-d9cde69 elementor-section-boxed elementor-section-height-default elementor-section-height-default\" data-id=\"d9cde69\" data-element_type=\"section\" data-e-type=\"section\">\n\t\t\t\t\t\t<div class=\"elementor-container elementor-column-gap-default\">\n\t\t\t\t\t<div class=\"elementor-column elementor-col-50 elementor-inner-column elementor-element elementor-element-a260951\" data-id=\"a260951\" data-element_type=\"column\" data-e-type=\"column\">\n\t\t\t<div class=\"elementor-widget-wrap elementor-element-populated\">\n\t\t\t\t\t\t<div class=\"elementor-element elementor-element-6fec420 elementor-position-top elementor-widget elementor-widget-image-box\" data-id=\"6fec420\" data-element_type=\"widget\" data-e-type=\"widget\" data-widget_type=\"image-box.default\">\n\t\t\t\t<div class=\"elementor-widget-container\">\n\t\t\t\t\t<div class=\"elementor-image-box-wrapper\"><figure class=\"elementor-image-box-img\"><img fetchpriority=\"high\" decoding=\"async\" width=\"831\" height=\"957\" src=\"https:\/\/kenoubeautyclub.fr\/wp-content\/uploads\/2022\/08\/Keneisha-pic.png\" class=\"elementor-animation-float attachment-full size-full wp-image-2377\" alt=\"\" srcset=\"https:\/\/kenoubeautyclub.fr\/wp-content\/uploads\/2022\/08\/Keneisha-pic.png 831w, https:\/\/kenoubeautyclub.fr\/wp-content\/uploads\/2022\/08\/Keneisha-pic-261x300.png 261w, https:\/\/kenoubeautyclub.fr\/wp-content\/uploads\/2022\/08\/Keneisha-pic-768x884.png 768w\" sizes=\"(max-width: 831px) 100vw, 831px\" \/><\/figure><div class=\"elementor-image-box-content\"><h5 class=\"elementor-image-box-title\">Keneisha Bissereth<\/h5><p class=\"elementor-image-box-description\">Esth\u00e9ticienne\n<\/p><\/div><\/div>\t\t\t\t<\/div>\n\t\t\t\t<\/div>\n\t\t\t\t\t<\/div>\n\t\t<\/div>\n\t\t\t\t<div class=\"elementor-column elementor-col-50 elementor-inner-column elementor-element elementor-element-a06b775\" data-id=\"a06b775\" data-element_type=\"column\" data-e-type=\"column\">\n\t\t\t<div class=\"elementor-widget-wrap\">\n\t\t\t\t\t\t\t<\/div>\n\t\t<\/div>\n\t\t\t\t\t<\/div>\n\t\t<\/section>\n\t\t\t\t<div class=\"elementor-element elementor-element-56c2f33 elementor-widget elementor-widget-button\" data-id=\"56c2f33\" data-element_type=\"widget\" data-e-type=\"widget\" data-widget_type=\"button.default\">\n\t\t\t\t<div class=\"elementor-widget-container\">\n\t\t\t\t\t\t\t\t\t<div class=\"elementor-button-wrapper\">\n\t\t\t\t\t<a class=\"elementor-button elementor-button-link elementor-size-sm\" href=\"https:\/\/kenoubeautyclub.fr\/?page_id=2542\">\n\t\t\t\t\t\t<span class=\"elementor-button-content-wrapper\">\n\t\t\t\t\t\t\t\t\t<span class=\"elementor-button-text\">Contactez-Nous<\/span>\n\t\t\t\t\t<\/span>\n\t\t\t\t\t<\/a>\n\t\t\t\t<\/div>\n\t\t\t\t\t\t\t\t<\/div>\n\t\t\t\t<\/div>\n\t\t\t\t\t<\/div>\n\t\t<\/div>\n\t\t\t\t\t<\/div>\n\t\t<\/section>\n\t\t\t\t<section class=\"elementor-section elementor-top-section elementor-element elementor-element-a0e3103 elementor-section-boxed elementor-section-height-default elementor-section-height-default\" data-id=\"a0e3103\" data-element_type=\"section\" data-e-type=\"section\" data-settings=\"{&quot;background_background&quot;:&quot;classic&quot;}\">\n\t\t\t\t\t\t\t<div class=\"elementor-background-overlay\"><\/div>\n\t\t\t\t\t\t\t<div class=\"elementor-container elementor-column-gap-default\">\n\t\t\t\t\t<div class=\"elementor-column elementor-col-50 elementor-top-column elementor-element elementor-element-9abea55\" data-id=\"9abea55\" data-element_type=\"column\" data-e-type=\"column\">\n\t\t\t<div class=\"elementor-widget-wrap elementor-element-populated\">\n\t\t\t\t\t\t<div class=\"elementor-element elementor-element-c5632c1 elementor-widget elementor-widget-heading\" data-id=\"c5632c1\" data-element_type=\"widget\" data-e-type=\"widget\" data-widget_type=\"heading.default\">\n\t\t\t\t<div class=\"elementor-widget-container\">\n\t\t\t\t\t<h3 class=\"elementor-heading-title elementor-size-default\">Promo<\/h3>\t\t\t\t<\/div>\n\t\t\t\t<\/div>\n\t\t\t\t<div class=\"elementor-element elementor-element-09b6a99 elementor-widget elementor-widget-heading\" data-id=\"09b6a99\" data-element_type=\"widget\" data-e-type=\"widget\" data-widget_type=\"heading.default\">\n\t\t\t\t<div class=\"elementor-widget-container\">\n\t\t\t\t\t<h1 class=\"elementor-heading-title elementor-size-default\">Remise jusqu'\u00e0 10% pour la premi\u00e8re s\u00e9ance!<\/h1>\t\t\t\t<\/div>\n\t\t\t\t<\/div>\n\t\t\t\t\t<\/div>\n\t\t<\/div>\n\t\t\t\t<div class=\"elementor-column elementor-col-50 elementor-top-column elementor-element elementor-element-9a31dee\" data-id=\"9a31dee\" data-element_type=\"column\" data-e-type=\"column\">\n\t\t\t<div class=\"elementor-widget-wrap\">\n\t\t\t\t\t\t\t<\/div>\n\t\t<\/div>\n\t\t\t\t\t<\/div>\n\t\t<\/section>\n\t\t\t\t<\/div>\n\t\t","protected":false},"excerpt":{"rendered":"<p>Ce que vous apprendrez : \u00a0 JOUR 1 \u2013 MA\u00ceTRISER LES BASES DU MAQUILLAGE PROFESSIONNEL 09h00 &#8211; 09h30 : Accueil &amp; Pr\u00e9sentation&#8211; Pr\u00e9sentation du programme, de la formatrice et des participantes&#8211; Objectifs de la formation&#8211; Distribution du livret de formation 09h30 &#8211; 11h00 : Th\u00e9orie &amp; Pr\u00e9paration de la Peau&#8211; Les diff\u00e9rents types de peaux [&hellip;]<\/p>\n","protected":false},"author":3,"featured_media":2392,"parent":0,"menu_order":0,"comment_status":"closed","ping_status":"closed","template":"elementor_header_footer","meta":{"footnotes":""},"class_list":["post-3433","page","type-page","status-publish","has-post-thumbnail","hentry"],"_links":{"self":[{"href":"https:\/\/kenoubeautyclub.fr\/index.php?rest_route=\/wp\/v2\/pages\/3433","targetHints":{"allow":["GET"]}}],"collection":[{"href":"https:\/\/kenoubeautyclub.fr\/index.php?rest_route=\/wp\/v2\/pages"}],"about":[{"href":"https:\/\/kenoubeautyclub.fr\/index.php?rest_route=\/wp\/v2\/types\/page"}],"author":[{"embeddable":true,"href":"https:\/\/kenoubeautyclub.fr\/index.php?rest_route=\/wp\/v2\/users\/3"}],"replies":[{"embeddable":true,"href":"https:\/\/kenoubeautyclub.fr\/index.php?rest_route=%2Fwp%2Fv2%2Fcomments&post=3433"}],"version-history":[{"count":13,"href":"https:\/\/kenoubeautyclub.fr\/index.php?rest_route=\/wp\/v2\/pages\/3433\/revisions"}],"predecessor-version":[{"id":3499,"href":"https:\/\/kenoubeautyclub.fr\/index.php?rest_route=\/wp\/v2\/pages\/3433\/revisions\/3499"}],"wp:featuredmedia":[{"embeddable":true,"href":"https:\/\/kenoubeautyclub.fr\/index.php?rest_route=\/wp\/v2\/media\/2392"}],"wp:attachment":[{"href":"https:\/\/kenoubeautyclub.fr\/index.php?rest_route=%2Fwp%2Fv2%2Fmedia&parent=3433"}],"curies":[{"name":"wp","href":"https:\/\/api.w.org\/{rel}","templated":true}]}}